{"id":41288,"date":"2024-12-05T06:22:29","date_gmt":"2024-12-05T06:22:29","guid":{"rendered":"https:\/\/letstalkgunscolorado.com\/staging\/normas-de-compromiso\/"},"modified":"2026-01-14T09:46:45","modified_gmt":"2026-01-14T09:46:45","slug":"reglas-de-participacion","status":"publish","type":"page","link":"https:\/\/hablemosdearmascolorado.com\/staging\/reglas-de-participacion\/","title":{"rendered":"reglas-de-participacion"},"content":{"rendered":"\t\t<div data-elementor-type=\"wp-page\" data-elementor-id=\"41288\" class=\"elementor elementor-41288\">\n\t\t\t\t<div class=\"elementor-element elementor-element-f39ade7 e-con-full thegem-e-con-layout-thegem e-flex e-con e-parent\" data-id=\"f39ade7\" data-element_type=\"container\" data-settings=\"{&quot;thegem_container_layout&quot;:&quot;thegem&quot;}\">\r\n\t\t<div class=\"elementor-element elementor-element-be9cec0 e-con-full thegem-e-con-layout-thegem e-flex e-con e-child\" data-id=\"be9cec0\" data-element_type=\"container\" data-settings=\"{&quot;background_background&quot;:&quot;classic&quot;,&quot;thegem_container_layout&quot;:&quot;thegem&quot;}\">\r\n\t\t<div class=\"elementor-element elementor-element-494374d e-con-full thegem-e-con-layout-thegem e-flex e-con e-child\" data-id=\"494374d\" data-element_type=\"container\" data-settings=\"{&quot;thegem_container_layout&quot;:&quot;thegem&quot;}\">\r\n\t\t\t\t<div class=\"elementor-element elementor-element-29d963b flex-horizontal-align-default flex-horizontal-align-tablet-default flex-horizontal-align-mobile-default flex-vertical-align-default flex-vertical-align-tablet-default flex-vertical-align-mobile-default jltma-glass-effect-no elementor-widget elementor-widget-heading\" data-id=\"29d963b\" data-element_type=\"widget\" data-widget_type=\"heading.default\">\n\t\t\t\t<div class=\"elementor-widget-container\">\n\t\t\t\t\t<h2 class=\"elementor-heading-title elementor-size-default\">REGLAS DE PARTICIPACI\u00d3N<\/h2>\t\t\t\t<\/div>\n\t\t\t\t<\/div>\n\t\t\t\t<\/div>\n\t\t\t\t<\/div>\n\t\t\t\t<\/div>\n\t\t\t\t<section class=\"elementor-section elementor-top-section elementor-element elementor-element-4ba1f103 elementor-section-full_width elementor-section-height-default elementor-section-height-default jltma-glass-effect-no\" data-id=\"4ba1f103\" data-element_type=\"section\" data-settings=\"{&quot;animation&quot;:&quot;none&quot;}\">\r\n\t\t\t\t\t\t\t<div class=\"elementor-background-overlay\"><\/div>\r\n\t\t\t\t\t\t\t<div class=\"elementor-container elementor-column-gap-no\"><div class=\"elementor-row\">\r\n\t\t\t\t\t<div class=\"elementor-column elementor-col-100 elementor-top-column elementor-element elementor-element-496948e1 jltma-glass-effect-no\" data-id=\"496948e1\" data-element_type=\"column\">\n\t\t\t<div class=\"elementor-widget-wrap elementor-element-populated\">\n\t\t\t\t\t\t<div class=\"elementor-element elementor-element-25122d45 flex-horizontal-align-default flex-horizontal-align-tablet-default flex-horizontal-align-mobile-default flex-vertical-align-default flex-vertical-align-tablet-default flex-vertical-align-mobile-default jltma-glass-effect-no elementor-widget elementor-widget-heading\" data-id=\"25122d45\" data-element_type=\"widget\" data-widget_type=\"heading.default\">\n\t\t\t\t<div class=\"elementor-widget-container\">\n\t\t\t\t\t<h4 class=\"elementor-heading-title elementor-size-default\">Reglas de participaci\u00f3n en redes sociales de Hablemos de Armas Colorado<\/h4>\t\t\t\t<\/div>\n\t\t\t\t<\/div>\n\t\t\t\t<div class=\"elementor-element elementor-element-7d4d67ca flex-horizontal-align-default flex-horizontal-align-tablet-default flex-horizontal-align-mobile-default flex-vertical-align-default flex-vertical-align-tablet-default flex-vertical-align-mobile-default jltma-glass-effect-no elementor-widget elementor-widget-text-editor\" data-id=\"7d4d67ca\" data-element_type=\"widget\" data-widget_type=\"text-editor.default\">\n\t\t\t\t<div class=\"elementor-widget-container\">\n\t\t\t\t\t\t\t\t\t\t\t\t<div class=\"elementor-text-editor elementor-clearfix\">\r\n\t\t\t\t\t\tEstas plataformas buscan fomentar conversaciones constructivas, no discusiones, y apoyar nuestro objetivo de que m\u00e1s personas hablen de manera respetuosa sobre soluciones para la seguridad con armas.\t\t\t\t\t\t\t<\/div>\r\n\t\t\t\t\t\t\t\t\t\t<\/div>\n\t\t\t\t<\/div>\n\t\t\t\t<div class=\"elementor-element elementor-element-ec3a685 flex-horizontal-align-default flex-horizontal-align-tablet-default flex-horizontal-align-mobile-default flex-vertical-align-default flex-vertical-align-tablet-default flex-vertical-align-mobile-default jltma-glass-effect-no elementor-widget elementor-widget-text-editor\" data-id=\"ec3a685\" data-element_type=\"widget\" data-widget_type=\"text-editor.default\">\n\t\t\t\t<div class=\"elementor-widget-container\">\n\t\t\t\t\t\t\t\t\t\t\t\t<div class=\"elementor-text-editor elementor-clearfix\">\r\n\t\t\t\t\t\t<ol class=\"roe\"><span data-mce-type=\"bookmark\" style=\"display: inline-block; width: 0px; overflow: hidden; line-height: 0;\" class=\"mce_SELRES_start\">\ufeff<\/span>\n \t<li style=\"list-style-type: none;\">\n<ol>\n \t<li style=\"list-style-type: none;\">\n<ol>\n \t<li style=\"list-style-type: none;\">\n<ol>\n \t<li class=\"roe\" style=\"margin-top: 15px;\"><strong style=\"color: #2c9ac1;\">S\u00e9 respetuoso:<\/strong> Todas las personas tienen opiniones sobre las armas, y pueden ser diferentes a la tuya. Permite que los dem\u00e1s expresen su punto de vista y mant\u00e9n un trato respetuoso. Queremos promover conversaciones, no discusiones. El espacio que estamos creando es inclusivo y est\u00e1 abierto a todas las personas. Los debates saludables son naturales, pero la amabilidad es indispensable.<\/li>\n \t<li class=\"roe\" style=\"margin-top: 15px;\"><strong style=\"color: #2c9ac1;\">Publicaciones, comentarios y fotos pueden eliminarse: <\/strong> Hablemos de Armas Colorado promueve conversaciones civiles sobre la seguridad con armas. Aunque todas las personas tienen derecho a opinar, eliminaremos comentarios, publicaciones o im\u00e1genes que no cumplan con estas reglas, incluyendo.\n<ul>\n \t<li>Lenguaje ofensivo o violento.<\/li>\n \t<li>Comentarios de odio o discriminaci\u00f3n relacionados con raza, etnia, religi\u00f3n, g\u00e9nero, discapacidad, orientaci\u00f3n sexual o creencias pol\u00edticas.<\/li>\n \t<li>Enlaces o comentarios con contenido sexual expl\u00edcito.<\/li>\n \t<li>Violaciones de derechos de autor o propiedad intelectual.<\/li>\n \t<li>Spam, enlaces enga\u00f1osos o archivos que contengan virus o puedan da\u00f1ar computadoras o dispositivos m\u00f3viles.<\/li>\n \t<li>Im\u00e1genes perturbadoras.<\/li>\n \t<li>Ataques a grupos espec\u00edficos o comentarios destinados a acosar, amenazar o abusar de una persona.<\/li>\n \t<li>Solicitudes comerciales o promoci\u00f3n de competidores.<\/li>\n \t<li>Si una persona persiste en comportamientos ofensivos o viola repetidamente estas reglas, podemos bloquear su participaci\u00f3n.<\/li>\n<\/ul>\n<\/li>\n<\/ol>\n<\/li>\n<\/ol>\n<ol>\n \t<li class=\"roe\" style=\"margin-top: 15px;\"><strong style=\"color: #2c9ac1;\">Las opiniones diferentes son bienvenidas: <\/strong> Reconocemos que las personas que siguen nuestra p\u00e1gina pueden expresar desacuerdos con nuestras publicaciones y opiniones. Nos comprometemos a atender las inquietudes, responder preguntas y compartir enlaces informativos cuando sea apropiado.\nNos reservamos el derecho de eliminar comentarios o publicaciones que utilicen lenguaje inapropiado u ofensivo. No toleraremos este tipo de conductas y podremos eliminar, bloquear o silenciar a quienes no respeten nuestras reglas de participaci\u00f3n.<\/li>\n \t<li class=\"roe\" style=\"margin-top: 15px;\"><strong style=\"color: #2c9ac1;\">No promociones ni spam:<\/strong>  Eliminaremos publicaciones de autopromoci\u00f3n, spam o enlaces irrelevantes. Todo contenido de este tipo podr\u00e1 ser eliminado sin previo aviso.<\/li>\n<\/ol>\n<p style=\"margin-top: 10px;\">Las reglas de participaci\u00f3n de Hablemos de Armas Colorado pueden cambiar en cualquier momento y se actualizar\u00e1n en nuestras p\u00e1ginas de redes sociales. Nos comprometemos a ser transparentes sobre c\u00f3mo moderamos las conversaciones y gestionamos la participaci\u00f3n en nuestros espacios digitales.<\/p>\n<\/li>\n<\/ol>\n<\/li>\n<\/ol>\t\t\t\t\t\t\t<\/div>\r\n\t\t\t\t\t\t\t\t\t\t<\/div>\n\t\t\t\t<\/div>\n\t\t\t\t\t<\/div>\n\t\t<\/div>\n\t\t\t\t\t<\/div><\/div>\r\n\t\t<\/section>\r\n\t\t<div class=\"elementor-element elementor-element-98b85e1 e-con-full elementor-hidden-desktop elementor-hidden-tablet elementor-hidden-mobile thegem-e-con-layout-thegem e-flex e-con e-parent\" data-id=\"98b85e1\" data-element_type=\"container\" data-settings=\"{&quot;background_background&quot;:&quot;classic&quot;,&quot;thegem_container_layout&quot;:&quot;thegem&quot;}\">\r\n\t\t<div class=\"elementor-element elementor-element-92fec42 e-con-full thegem-e-con-layout-thegem e-flex e-con e-child\" data-id=\"92fec42\" data-element_type=\"container\" data-settings=\"{&quot;background_background&quot;:&quot;classic&quot;,&quot;thegem_container_layout&quot;:&quot;thegem&quot;}\">\r\n\t\t<div class=\"elementor-element elementor-element-4ad23b8 e-con-full thegem-e-con-layout-thegem e-flex e-con e-child\" data-id=\"4ad23b8\" data-element_type=\"container\" data-settings=\"{&quot;thegem_container_layout&quot;:&quot;thegem&quot;}\">\r\n\t\t\t\t<div class=\"elementor-element elementor-element-fc3d9c4 flex-horizontal-align-default flex-horizontal-align-tablet-default flex-horizontal-align-mobile-default flex-vertical-align-default flex-vertical-align-tablet-default flex-vertical-align-mobile-default jltma-glass-effect-no elementor-widget elementor-widget-image\" data-id=\"fc3d9c4\" data-element_type=\"widget\" id=\"footerlogo\" data-widget_type=\"image.default\">\n\t\t\t\t<div class=\"elementor-widget-container\">\n\t\t\t\t\t\t\t\t\t\t\t\t\t\t\t<img fetchpriority=\"high\" width=\"490\" height=\"432\" src=\"https:\/\/hablemosdearmascolorado.com\/staging\/wp-content\/uploads\/2025\/06\/LTGC_Logo_ESP_RGB-1.png\" class=\"attachment-full size-full wp-image-42266\" alt=\"Un globo de di\u00e1logo azul con texto blanco que dice, COLORADO Hablemos de Armas.\" srcset=\"https:\/\/hablemosdearmascolorado.com\/staging\/wp-content\/uploads\/2025\/06\/LTGC_Logo_ESP_RGB-1.png 490w, https:\/\/hablemosdearmascolorado.com\/staging\/wp-content\/uploads\/2025\/06\/LTGC_Logo_ESP_RGB-1-300x264.png 300w\" sizes=\"(max-width: 490px) 100vw, 490px\" \/>\t\t\t\t\t\t\t\t\t\t\t\t\t\t\t<\/div>\n\t\t\t\t<\/div>\n\t\t\t\t<\/div>\n\t\t<div class=\"elementor-element elementor-element-db81c2d e-con-full thegem-e-con-layout-thegem e-flex e-con e-child\" data-id=\"db81c2d\" data-element_type=\"container\" data-settings=\"{&quot;thegem_container_layout&quot;:&quot;thegem&quot;}\">\r\n\t\t<div class=\"elementor-element elementor-element-29c45a1 e-grid e-con-full thegem-e-con-layout-thegem e-con e-child\" data-id=\"29c45a1\" data-element_type=\"container\" data-settings=\"{&quot;thegem_container_layout&quot;:&quot;thegem&quot;}\">\r\n\t\t\t\t<div class=\"elementor-element elementor-element-efd7b83 elementor-shape-circle elementor-grid-0 e-grid-align-center flex-horizontal-align-default flex-horizontal-align-tablet-default flex-horizontal-align-mobile-default flex-vertical-align-default flex-vertical-align-tablet-default flex-vertical-align-mobile-default jltma-glass-effect-no elementor-widget elementor-widget-social-icons\" data-id=\"efd7b83\" data-element_type=\"widget\" data-widget_type=\"social-icons.default\">\n\t\t\t\t<div class=\"elementor-widget-container\">\n\t\t\t\t\t\t\t<div class=\"elementor-social-icons-wrapper elementor-grid\" role=\"list\">\n\t\t\t\t\t\t\t<span class=\"elementor-grid-item\" role=\"listitem\">\n\t\t\t\t\t<a class=\"elementor-icon elementor-social-icon elementor-social-icon-facebook elementor-repeater-item-dabc999\" href=\"https:\/\/www.facebook.com\/LetsTalkGunsColorado\/\" target=\"_blank\">\n\t\t\t\t\t\t<span class=\"elementor-screen-only\">Facebook<\/span>\n\t\t\t\t\t\t<svg aria-hidden=\"true\" class=\"e-font-icon-svg e-fab-facebook\" viewBox=\"0 0 512 512\" xmlns=\"http:\/\/www.w3.org\/2000\/svg\"><path d=\"M504 256C504 119 393 8 256 8S8 119 8 256c0 123.78 90.69 226.38 209.25 245V327.69h-63V256h63v-54.64c0-62.15 37-96.48 93.67-96.48 27.14 0 55.52 4.84 55.52 4.84v61h-31.28c-30.8 0-40.41 19.12-40.41 38.73V256h68.78l-11 71.69h-57.78V501C413.31 482.38 504 379.78 504 256z\"><\/path><\/svg>\t\t\t\t\t<\/a>\n\t\t\t\t<\/span>\n\t\t\t\t\t\t\t<span class=\"elementor-grid-item\" role=\"listitem\">\n\t\t\t\t\t<a class=\"elementor-icon elementor-social-icon elementor-social-icon-instagram elementor-repeater-item-e429a63\" href=\"https:\/\/www.instagram.com\/letstalkgunscolorado\/\" target=\"_blank\">\n\t\t\t\t\t\t<span class=\"elementor-screen-only\">Instagram<\/span>\n\t\t\t\t\t\t<svg aria-hidden=\"true\" class=\"e-font-icon-svg e-fab-instagram\" viewBox=\"0 0 448 512\" xmlns=\"http:\/\/www.w3.org\/2000\/svg\"><path d=\"M224.1 141c-63.6 0-114.9 51.3-114.9 114.9s51.3 114.9 114.9 114.9S339 319.5 339 255.9 287.7 141 224.1 141zm0 189.6c-41.1 0-74.7-33.5-74.7-74.7s33.5-74.7 74.7-74.7 74.7 33.5 74.7 74.7-33.6 74.7-74.7 74.7zm146.4-194.3c0 14.9-12 26.8-26.8 26.8-14.9 0-26.8-12-26.8-26.8s12-26.8 26.8-26.8 26.8 12 26.8 26.8zm76.1 27.2c-1.7-35.9-9.9-67.7-36.2-93.9-26.2-26.2-58-34.4-93.9-36.2-37-2.1-147.9-2.1-184.9 0-35.8 1.7-67.6 9.9-93.9 36.1s-34.4 58-36.2 93.9c-2.1 37-2.1 147.9 0 184.9 1.7 35.9 9.9 67.7 36.2 93.9s58 34.4 93.9 36.2c37 2.1 147.9 2.1 184.9 0 35.9-1.7 67.7-9.9 93.9-36.2 26.2-26.2 34.4-58 36.2-93.9 2.1-37 2.1-147.8 0-184.8zM398.8 388c-7.8 19.6-22.9 34.7-42.6 42.6-29.5 11.7-99.5 9-132.1 9s-102.7 2.6-132.1-9c-19.6-7.8-34.7-22.9-42.6-42.6-11.7-29.5-9-99.5-9-132.1s-2.6-102.7 9-132.1c7.8-19.6 22.9-34.7 42.6-42.6 29.5-11.7 99.5-9 132.1-9s102.7-2.6 132.1 9c19.6 7.8 34.7 22.9 42.6 42.6 11.7 29.5 9 99.5 9 132.1s2.7 102.7-9 132.1z\"><\/path><\/svg>\t\t\t\t\t<\/a>\n\t\t\t\t<\/span>\n\t\t\t\t\t\t\t<span class=\"elementor-grid-item\" role=\"listitem\">\n\t\t\t\t\t<a class=\"elementor-icon elementor-social-icon elementor-social-icon-youtube elementor-repeater-item-26b0edc\" href=\"https:\/\/www.youtube.com\/@LetsTalkGunsColorado\" target=\"_blank\">\n\t\t\t\t\t\t<span class=\"elementor-screen-only\">Youtube<\/span>\n\t\t\t\t\t\t<svg aria-hidden=\"true\" class=\"e-font-icon-svg e-fab-youtube\" viewBox=\"0 0 576 512\" xmlns=\"http:\/\/www.w3.org\/2000\/svg\"><path d=\"M549.655 124.083c-6.281-23.65-24.787-42.276-48.284-48.597C458.781 64 288 64 288 64S117.22 64 74.629 75.486c-23.497 6.322-42.003 24.947-48.284 48.597-11.412 42.867-11.412 132.305-11.412 132.305s0 89.438 11.412 132.305c6.281 23.65 24.787 41.5 48.284 47.821C117.22 448 288 448 288 448s170.78 0 213.371-11.486c23.497-6.321 42.003-24.171 48.284-47.821 11.412-42.867 11.412-132.305 11.412-132.305s0-89.438-11.412-132.305zm-317.51 213.508V175.185l142.739 81.205-142.739 81.201z\"><\/path><\/svg>\t\t\t\t\t<\/a>\n\t\t\t\t<\/span>\n\t\t\t\t\t<\/div>\n\t\t\t\t\t\t<\/div>\n\t\t\t\t<\/div>\n\t\t\t\t<\/div>\n\t\t<div class=\"elementor-element elementor-element-2acefdd e-grid e-con-full thegem-e-con-layout-thegem e-con e-child\" data-id=\"2acefdd\" data-element_type=\"container\" data-settings=\"{&quot;thegem_container_layout&quot;:&quot;thegem&quot;}\">\r\n\t\t\t\t<div class=\"elementor-element elementor-element-b1fc44e flex-horizontal-align-default flex-horizontal-align-tablet-default flex-horizontal-align-mobile-default flex-vertical-align-default flex-vertical-align-tablet-default flex-vertical-align-mobile-default jltma-glass-effect-no elementor-widget elementor-widget-text-editor\" data-id=\"b1fc44e\" data-element_type=\"widget\" data-widget_type=\"text-editor.default\">\n\t\t\t\t<div class=\"elementor-widget-container\">\n\t\t\t\t\t\t\t\t\t\t\t\t<div class=\"elementor-text-editor elementor-clearfix\">\r\n\t\t\t\t\t\t<ul><li><a href=\"https:\/\/letstalkgunscolorado.com\/staging\/es\/propietarios-de-armas\/\">Propietarios de armas<\/a><\/li><li><a href=\"https:\/\/letstalkgunscolorado.com\/staging\/es\/opcion-de-almacenamiento-seguro-de-armas\/\">Opciones de almacenamiento seguro de armas<\/a><\/li><li><a href=\"https:\/\/letstalkgunscolorado.com\/staging\/es\/mito-facto-armas\/\">Hechos \/ Mitos<\/a><\/li><li><a href=\"https:\/\/letstalkgunscolorado.com\/staging\/es\/responsabilidad-colectiva\/\">Trabajar juntos<\/a><\/li><li><a href=\"https:\/\/letstalkgunscolorado.com\/staging\/es\/normas-de-compromiso\/\">Reglas de enfrentamiento<\/a><\/li><\/ul>\t\t\t\t\t\t\t<\/div>\r\n\t\t\t\t\t\t\t\t\t\t<\/div>\n\t\t\t\t<\/div>\n\t\t\t\t<div class=\"elementor-element elementor-element-992e820 flex-horizontal-align-default flex-horizontal-align-tablet-default flex-horizontal-align-mobile-default flex-vertical-align-default flex-vertical-align-tablet-default flex-vertical-align-mobile-default jltma-glass-effect-no elementor-widget elementor-widget-text-editor\" data-id=\"992e820\" data-element_type=\"widget\" data-widget_type=\"text-editor.default\">\n\t\t\t\t<div class=\"elementor-widget-container\">\n\t\t\t\t\t\t\t\t\t\t\t\t<div class=\"elementor-text-editor elementor-clearfix\">\r\n\t\t\t\t\t\t<ul>\n \t<li><a href=\"https:\/\/letstalkgunscolorado.com\/staging\/es\/vivir-con-pistolas\/\">Vivir con un propietario de armas<\/a><\/li>\n \t<li><a href=\"https:\/\/letstalkgunscolorado.com\/staging\/es\/recursos\/\">Recursos<\/a><\/li>\n \t<li><a href=\"https:\/\/letstalkgunscolorado.com\/staging\/es\/faq\/\">Preguntas frecuentes<\/a><\/li>\n \t<li><a href=\"https:\/\/cdphe.colorado.gov\/accessibility\" target=\"_blank\" rel=\"noopener\">Declaraci\u00f3n de accesibilidad<\/a><\/li>\n \t<li><a href=\"https:\/\/letstalkgunscolorado.com\/staging\/es\/profesionales\/\">Profesionales del sector<\/a><\/li>\n<\/ul>\n\t\t\t\t\t\t\t<\/div>\r\n\t\t\t\t\t\t\t\t\t\t<\/div>\n\t\t\t\t<\/div>\n\t\t\t\t<div class=\"elementor-element elementor-element-85feff5 flex-horizontal-align-default flex-horizontal-align-tablet-default flex-horizontal-align-mobile-default flex-vertical-align-default flex-vertical-align-tablet-default flex-vertical-align-mobile-default jltma-glass-effect-no elementor-widget elementor-widget-text-editor\" data-id=\"85feff5\" data-element_type=\"widget\" data-widget_type=\"text-editor.default\">\n\t\t\t\t<div class=\"elementor-widget-container\">\n\t\t\t\t\t\t\t\t\t\t\t\t<div class=\"elementor-text-editor elementor-clearfix\">\r\n\t\t\t\t\t\t<ul>\n \t<li><a href=\"https:\/\/letstalkgunscolorado.com\/staging\/es\/profesionales-de-la-salud-y-de-la-salud-mental\/\">Profesionales sanitarios y de salud mental<\/a><\/li>\n \t<li><a href=\"https:\/\/letstalkgunscolorado.com\/staging\/es\/ordenes-de-proteccion-de-riesgo-extremo\/\">\u00d3rdenes de protecci\u00f3n de riesgo extremo<\/a><\/li>\n \t<li><a href=\"https:\/\/letstalkgunscolorado.com\/staging\/es\/oficina-de-prevencion-de-la-violencia-armada\/\">Sobre la campa\u00f1a<\/a><\/li>\n \t<li><a href=\"https:\/\/letstalkgunscolorado.com\/staging\/es\/blog\/\">Blog<\/a><\/li>\n<\/ul>\t\t\t\t\t\t\t<\/div>\r\n\t\t\t\t\t\t\t\t\t\t<\/div>\n\t\t\t\t<\/div>\n\t\t\t\t<\/div>\n\t\t\t\t<\/div>\n\t\t\t\t<\/div>\n\t\t\t\t<\/div>\n\t\t<div class=\"elementor-element elementor-element-3257f65 e-con-full elementor-hidden-desktop elementor-hidden-tablet elementor-hidden-mobile thegem-e-con-layout-thegem e-flex e-con e-parent\" data-id=\"3257f65\" data-element_type=\"container\" data-settings=\"{&quot;thegem_container_layout&quot;:&quot;thegem&quot;}\">\r\n\t\t<div class=\"elementor-element elementor-element-747014c e-con-full thegem-e-con-layout-thegem e-flex e-con e-child\" data-id=\"747014c\" data-element_type=\"container\" data-settings=\"{&quot;background_background&quot;:&quot;classic&quot;,&quot;thegem_container_layout&quot;:&quot;thegem&quot;}\">\r\n\t\t\t\t<div class=\"elementor-element elementor-element-0181ba3 flex-horizontal-align-default flex-horizontal-align-tablet-default flex-horizontal-align-mobile-default flex-vertical-align-default flex-vertical-align-tablet-default flex-vertical-align-mobile-default jltma-glass-effect-no elementor-widget elementor-widget-text-editor\" data-id=\"0181ba3\" data-element_type=\"widget\" data-widget_type=\"text-editor.default\">\n\t\t\t\t<div class=\"elementor-widget-container\">\n\t\t\t\t\t\t\t\t\t\t\t\t<div class=\"elementor-text-editor elementor-clearfix\">\r\n\t\t\t\t\t\t<p>2025 Departamento de Salud P\u00fablica y Medio Ambiente de Colorado<\/p>\t\t\t\t\t\t\t<\/div>\r\n\t\t\t\t\t\t\t\t\t\t<\/div>\n\t\t\t\t<\/div>\n\t\t\t\t<\/div>\n\t\t\t\t<\/div>\n\t\t<div class=\"elementor-element elementor-element-c7e52dc e-con-full thegem-e-con-layout-thegem e-flex e-con e-parent\" data-id=\"c7e52dc\" data-element_type=\"container\" data-settings=\"{&quot;thegem_container_layout&quot;:&quot;thegem&quot;}\">\r\n\t\t<div class=\"elementor-element elementor-element-ecf4964 e-con-full thegem-e-con-layout-thegem e-flex e-con e-child\" data-id=\"ecf4964\" data-element_type=\"container\" data-settings=\"{&quot;thegem_container_layout&quot;:&quot;thegem&quot;}\">\r\n\t\t<div class=\"elementor-element elementor-element-2713cb4 e-con-full thegem-e-con-layout-thegem e-flex e-con e-child\" data-id=\"2713cb4\" data-element_type=\"container\" data-settings=\"{&quot;thegem_container_layout&quot;:&quot;thegem&quot;}\">\r\n\t\t<div class=\"elementor-element elementor-element-90c5acb e-con-full thegem-e-con-layout-thegem e-flex e-con e-child\" data-id=\"90c5acb\" data-element_type=\"container\" data-settings=\"{&quot;background_background&quot;:&quot;classic&quot;,&quot;thegem_container_layout&quot;:&quot;thegem&quot;}\">\r\n\t\t<div class=\"elementor-element elementor-element-093e837 e-con-full thegem-e-con-layout-thegem e-flex e-con e-child\" data-id=\"093e837\" data-element_type=\"container\" data-settings=\"{&quot;background_background&quot;:&quot;classic&quot;,&quot;thegem_container_layout&quot;:&quot;thegem&quot;}\">\r\n\t\t<div class=\"elementor-element elementor-element-3a35d54 e-con-full thegem-e-con-layout-thegem e-flex e-con e-child\" data-id=\"3a35d54\" data-element_type=\"container\" data-settings=\"{&quot;thegem_container_layout&quot;:&quot;thegem&quot;}\">\r\n\t\t\t\t<div class=\"elementor-element elementor-element-0ce2d07 flex-horizontal-align-default flex-horizontal-align-tablet-default flex-horizontal-align-mobile-default flex-vertical-align-default flex-vertical-align-tablet-default flex-vertical-align-mobile-default jltma-glass-effect-no elementor-widget elementor-widget-heading\" data-id=\"0ce2d07\" data-element_type=\"widget\" data-widget_type=\"heading.default\">\n\t\t\t\t<div class=\"elementor-widget-container\">\n\t\t\t\t\t<h3 class=\"elementor-heading-title elementor-size-default\">\u00bfES UNA EMERGENCIA?<\/h3>\t\t\t\t<\/div>\n\t\t\t\t<\/div>\n\t\t\t\t<div class=\"elementor-element elementor-element-d8ce79d flex-horizontal-align-default flex-horizontal-align-tablet-default flex-horizontal-align-mobile-default flex-vertical-align-default flex-vertical-align-tablet-default flex-vertical-align-mobile-default jltma-glass-effect-no elementor-widget elementor-widget-text-editor\" data-id=\"d8ce79d\" data-element_type=\"widget\" data-widget_type=\"text-editor.default\">\n\t\t\t\t<div class=\"elementor-widget-container\">\n\t\t\t\t\t\t\t\t\t\t\t\t<div class=\"elementor-text-editor elementor-clearfix\">\r\n\t\t\t\t\t\t<p><span style=\"font-weight: 400;\">Llama al 911 para recibir ayuda inmediata.<\/span><\/p>\t\t\t\t\t\t\t<\/div>\r\n\t\t\t\t\t\t\t\t\t\t<\/div>\n\t\t\t\t<\/div>\n\t\t\t\t<\/div>\n\t\t<div class=\"elementor-element elementor-element-df7c941 e-con-full thegem-e-con-layout-thegem e-flex e-con e-child\" data-id=\"df7c941\" data-element_type=\"container\" data-settings=\"{&quot;thegem_container_layout&quot;:&quot;thegem&quot;}\">\r\n\t\t\t\t<div class=\"elementor-element elementor-element-df6305b flex-horizontal-align-default flex-horizontal-align-tablet-default flex-horizontal-align-mobile-default flex-vertical-align-default flex-vertical-align-tablet-default flex-vertical-align-mobile-default jltma-glass-effect-no elementor-invisible elementor-widget elementor-widget-image\" data-id=\"df6305b\" data-element_type=\"widget\" data-settings=\"{&quot;_animation&quot;:&quot;slideInRight&quot;}\" data-widget_type=\"image.default\">\n\t\t\t\t<div class=\"elementor-widget-container\">\n\t\t\t\t\t\t\t\t\t\t\t\t\t\t\t<img src=\"https:\/\/hablemosdearmascolorado.com\/staging\/wp-content\/uploads\/elementor\/thumbs\/emergency-icon-3-rfzr91yyd5s8zj0307kjaijxkia4hz5yptr48yfzro.png\" title=\"emergency-icon\" alt=\"S\u00edmbolo de advertencia azul con un signo de exclamaci\u00f3n dentro de un tri\u00e1ngulo, superpuesto a un indicador semicircular o a un gr\u00e1fico de esfera, que sugiere precauci\u00f3n o alerta en relaci\u00f3n con un valor medido.\" loading=\"lazy\" \/>\t\t\t\t\t\t\t\t\t\t\t\t\t\t\t<\/div>\n\t\t\t\t<\/div>\n\t\t\t\t<\/div>\n\t\t\t\t<\/div>\n\t\t\t\t<\/div>\n\t\t\t\t<\/div>\n\t\t\t\t<\/div>\n\t\t\t\t<\/div>\n\t\t\t\t<\/div>\n\t\t","protected":false},"excerpt":{"rendered":"<p>REGLAS DE PARTICIPACI\u00d3N Reglas de participaci\u00f3n en redes sociales de Hablemos de Armas Colorado Estas plataformas buscan fomentar conversaciones constructivas,&#8230;<\/p>\n","protected":false},"author":1,"featured_media":0,"parent":0,"menu_order":0,"comment_status":"closed","ping_status":"closed","template":"","meta":{"_acf_changed":false,"footnotes":""},"class_list":["post-41288","page","type-page","status-publish"],"acf":[],"_links":{"self":[{"href":"https:\/\/hablemosdearmascolorado.com\/staging\/wp-json\/wp\/v2\/pages\/41288","targetHints":{"allow":["GET"]}}],"collection":[{"href":"https:\/\/hablemosdearmascolorado.com\/staging\/wp-json\/wp\/v2\/pages"}],"about":[{"href":"https:\/\/hablemosdearmascolorado.com\/staging\/wp-json\/wp\/v2\/types\/page"}],"author":[{"embeddable":true,"href":"https:\/\/hablemosdearmascolorado.com\/staging\/wp-json\/wp\/v2\/users\/1"}],"replies":[{"embeddable":true,"href":"https:\/\/hablemosdearmascolorado.com\/staging\/wp-json\/wp\/v2\/comments?post=41288"}],"version-history":[{"count":41,"href":"https:\/\/hablemosdearmascolorado.com\/staging\/wp-json\/wp\/v2\/pages\/41288\/revisions"}],"predecessor-version":[{"id":46688,"href":"https:\/\/hablemosdearmascolorado.com\/staging\/wp-json\/wp\/v2\/pages\/41288\/revisions\/46688"}],"wp:attachment":[{"href":"https:\/\/hablemosdearmascolorado.com\/staging\/wp-json\/wp\/v2\/media?parent=41288"}],"curies":[{"name":"wp","href":"https:\/\/api.w.org\/{rel}","templated":true}]}}